{"id":762,"date":"2023-01-24T16:50:51","date_gmt":"2023-01-24T15:50:51","guid":{"rendered":"https:\/\/www.dyapason.com\/?page_id=762"},"modified":"2023-01-24T16:50:51","modified_gmt":"2023-01-24T15:50:51","slug":"arnaud-leger","status":"publish","type":"page","link":"https:\/\/www.dyapason.com\/?page_id=762","title":{"rendered":"Arnaud LEGER"},"content":{"rendered":"<div class=\"wp-block-image\">\n<figure class=\"alignleft\"><a href=\"https:\/\/www.dyapason.com\/wp-content\/uploads\/2023\/01\/Arnaud.png\"><img loading=\"lazy\" decoding=\"async\" width=\"170\" height=\"252\" src=\"https:\/\/www.dyapason.com\/wp-content\/uploads\/2023\/01\/Arnaud.png\" alt=\"\" class=\"wp-image-763\"\/><\/a><\/figure>\n<\/div>\n\n\n<p>Arnaud LEGER a un contact rapide dans les classes de solf\u00e8ge, trompette puis tuba dans une \u00e9cole municipale de musique. Puis il poursuit une soif de musique en suivant des \u00e9tudes de musicologie. Son go\u00fbt pour les voix et formations diverses et vari\u00e9es du chant choral le m\u00e8ne \u00e0 \u00e9tudier dans la classe de direction de ch\u0153ur du Conservatoire de Tours jusqu\u2019\u00e0 obtenir son certificat de fin d\u2019\u00e9tude ainsi que suivre des masterclasses de direction de ch\u0153ur. La m\u00eame ann\u00e9e, il obtient une Licence Professionnelle de direction de ch\u0153ur par le biais d\u2019une collaboration entre le conservatoire, la facult\u00e9 de musicologie et le centre de formation de musicien intervenant de Poitiers. Il se sp\u00e9cialise l\u2019ann\u00e9e de sa ma\u00eetrise de musicologie pour les musiques vocales populaires des pays du Nord.<\/p>\n\n\n\n<p><br>Parall\u00e8lement, il suit un cursus de formation vocale dans certains conservatoires, mais aussi aupr\u00e8s de ma\u00eetres ou bien de professeurs diff\u00e9rents (Jean Nirou\u00ebt, Sophie Herv\u00e9, Udo Reinemann\u2026). Dipl\u00f4m\u00e9 des \u00e9tudes sup\u00e9rieures de technique vocale dispens\u00e9es par l\u2019\u00e9cole de Notre-Dame de Paris, il poursuit son parcours en passant par des formations comme l\u2019ensemble \u00ab Jazzomania \u00bb, l\u2019ensemble vocal \u00ab Seguido \u00bb dirig\u00e9 par Val\u00e9rie Fayet et Agn\u00e8s Brosset. Il se produit \u00e9galement en tant que soliste pour certains ch\u0153urs amateurs, mais beaucoup en tant que choriste suppl\u00e9mentaire pour des productions lyriques ou classiques, mais aussi parfois Jazz. Apr\u00e8s avoir \u00e9t\u00e9 chef de ch\u0153ur et professeur de chant choral pour le conservatoire de la ville d\u2019Orly, il est Actuellement chef assistant aupr\u00e8s d\u2019Anne Laffilhe pour diriger et faire progresser les chanteurs du ch\u0153ur \u00ab Air France \u00bb depuis 6 ans. Depuis un an, chef du ch\u0153ur A C\u0153ur Joie \u00ab Dyapason \u00bb de la ville de Joinville-le-Pont et membre de la troupe Compagnie Music\u2019Hall de la ville de Lagny-sur-Marne, pr\u00e9sid\u00e9e par Morgan Royer.<a href=\"https:\/\/www.dyapason.com\/wp-content\/uploads\/2023\/01\/Arnaud.png\"><br><\/a><\/p>\n","protected":false},"excerpt":{"rendered":"<p>Arnaud LEGER a un contact rapide dans les classes de solf\u00e8ge, trompette puis tuba dans une \u00e9cole municipale de musique. Puis il poursuit une soif de musique en suivant des \u00e9tudes de musicologie. Son go\u00fbt pour les voix et formations &hellip; <a href=\"https:\/\/www.dyapason.com\/?page_id=762\">Continuer la lecture <span class=\"meta-nav\">&rarr;<\/span><\/a><\/p>\n","protected":false},"author":1,"featured_media":0,"parent":0,"menu_order":0,"comment_status":"closed","ping_status":"closed","template":"","meta":{"footnotes":""},"class_list":["post-762","page","type-page","status-publish","hentry"],"jetpack_sharing_enabled":true,"jetpack_shortlink":"https:\/\/wp.me\/P2428A-ci","_links":{"self":[{"href":"https:\/\/www.dyapason.com\/index.php?rest_route=\/wp\/v2\/pages\/762","targetHints":{"allow":["GET"]}}],"collection":[{"href":"https:\/\/www.dyapason.com\/index.php?rest_route=\/wp\/v2\/pages"}],"about":[{"href":"https:\/\/www.dyapason.com\/index.php?rest_route=\/wp\/v2\/types\/page"}],"author":[{"embeddable":true,"href":"https:\/\/www.dyapason.com\/index.php?rest_route=\/wp\/v2\/users\/1"}],"replies":[{"embeddable":true,"href":"https:\/\/www.dyapason.com\/index.php?rest_route=%2Fwp%2Fv2%2Fcomments&post=762"}],"version-history":[{"count":4,"href":"https:\/\/www.dyapason.com\/index.php?rest_route=\/wp\/v2\/pages\/762\/revisions"}],"predecessor-version":[{"id":767,"href":"https:\/\/www.dyapason.com\/index.php?rest_route=\/wp\/v2\/pages\/762\/revisions\/767"}],"wp:attachment":[{"href":"https:\/\/www.dyapason.com\/index.php?rest_route=%2Fwp%2Fv2%2Fmedia&parent=762"}],"curies":[{"name":"wp","href":"https:\/\/api.w.org\/{rel}","templated":true}]}}