{"id":50,"date":"2011-10-01T14:40:28","date_gmt":"2011-10-01T14:40:28","guid":{"rendered":"http:\/\/www.dyapason.com\/?page_id=50"},"modified":"2023-02-06T18:12:26","modified_gmt":"2023-02-06T17:12:26","slug":"repertoire","status":"publish","type":"page","link":"https:\/\/www.dyapason.com\/?page_id=50","title":{"rendered":"R\u00e9pertoire"},"content":{"rendered":"<p style=\"text-align: justify;\">Le r\u00e9pertoire de la chorale d&rsquo;adultes est tr\u00e8s vari\u00e9 puisqu&rsquo;il compte\u00a0de la musique sacr\u00e9e, de la chanson fran\u00e7aise, du chant populaire profane,\u00a0une \u0153uvre contemporaine\u00a0( <em>La petite suite qu\u00e9b\u00e9coise<\/em>\u00a0de Marie Bernard )\u00a0avec un accompagnement musical ponctuel (piano, percussions, orgue,\u00a0harpe, guitare) &#8230;<\/p>\n<p style=\"text-align: justify;\">Le programme est souvent ax\u00e9 sur un th\u00e8me, par exemple:<\/p>\n<ul>\n<li>2000-2001:\u00a0promenade\u00a0au clair de lune<\/li>\n<li>2005-2006: les animaux<\/li>\n<li>2007-2008:\u00a0les musiques de films.<\/li>\n<li>2010-2011: chants de No\u00ebl,\u00a0puis sur les th\u00e8mes de Paris, le voyage, la gastronomie\u00a0et les vins de nos terroirs.<\/li>\n<li>2012-2013, nous nous plongeons dans les ambiances des pays baltes et d\u2019Europe de l\u2019Est, ainsi que dans les chants marins.<\/li>\n<li>2014, Nous partons autour du monde, et nous collaborons avec \u00a0Decib\u2019elles \u00a0et Cie pour monter \u00ab\u00a0Le Petit Poucet\u00a0\u00bb, une \u0153uvre de Julien JOUBERT<\/li>\n<li>2015, Nous prenons de l&rsquo;altitude sur le th\u00e8me de la montagne<\/li>\n<li>2016, \u00a0Nous reprenons la mer et chantons No\u00ebl avec\u00a0Decib\u2019elles \u00a0et Cie<\/li>\n<li>2017, Nous montons \u00ab\u00a0L&rsquo;atelier de Nouveau-Monde\u00a0\u00bb, de Julien JOUBERT, en collaboration avec Decib\u2019elles et Cie.<\/li>\n<li>2018, \u00ab\u00a0On n&rsquo;est pas s\u00e9rieux quand on a 20 ans !\u00a0\u00bb<\/li>\n<li>2023: Com\u00e9dies Musicales !<\/li>\n<\/ul>\n<p>Dans le cadre de l\u2019activit\u00e9 r\u00e9gionale A C\u0153ur Joie, certains choristes\u00a0ont\u00a0travaill\u00e9 des Gospel, des chants africains, le\u00a0<em>Gloria<\/em>\u00a0de Vivaldi, la\u00a0<em>Mass of the Children<\/em> de John Rutter, plus r\u00e9cemment la Missa Harmonia Mundi, de Lorenz Maierhofer, ou A Little Jazz Mass, de Bob Chilcott.<\/p>\n<p style=\"text-align: justify;\">Tous les trois ans,\u00a0aux choralies\u00a0de Vaison-la-romaine, une vingtaine d&rsquo;ateliers de style\u00a0de musique\u00a0tr\u00e8s diff\u00e9rent sont propos\u00e9s au go\u00fbt de chacun.<\/p>\n","protected":false},"excerpt":{"rendered":"<p>Le r\u00e9pertoire de la chorale d&rsquo;adultes est tr\u00e8s vari\u00e9 puisqu&rsquo;il compte\u00a0de la musique sacr\u00e9e, de la chanson fran\u00e7aise, du chant populaire profane,\u00a0une \u0153uvre contemporaine\u00a0( La petite suite qu\u00e9b\u00e9coise\u00a0de Marie Bernard )\u00a0avec un accompagnement musical ponctuel (piano, percussions, orgue,\u00a0harpe, guitare) &#8230; &hellip; <a href=\"https:\/\/www.dyapason.com\/?page_id=50\">Continuer la lecture <span class=\"meta-nav\">&rarr;<\/span><\/a><\/p>\n","protected":false},"author":1,"featured_media":0,"parent":0,"menu_order":5,"comment_status":"closed","ping_status":"closed","template":"","meta":{"footnotes":""},"class_list":["post-50","page","type-page","status-publish","hentry"],"jetpack_sharing_enabled":true,"jetpack_shortlink":"https:\/\/wp.me\/P2428A-O","_links":{"self":[{"href":"https:\/\/www.dyapason.com\/index.php?rest_route=\/wp\/v2\/pages\/50","targetHints":{"allow":["GET"]}}],"collection":[{"href":"https:\/\/www.dyapason.com\/index.php?rest_route=\/wp\/v2\/pages"}],"about":[{"href":"https:\/\/www.dyapason.com\/index.php?rest_route=\/wp\/v2\/types\/page"}],"author":[{"embeddable":true,"href":"https:\/\/www.dyapason.com\/index.php?rest_route=\/wp\/v2\/users\/1"}],"replies":[{"embeddable":true,"href":"https:\/\/www.dyapason.com\/index.php?rest_route=%2Fwp%2Fv2%2Fcomments&post=50"}],"version-history":[{"count":17,"href":"https:\/\/www.dyapason.com\/index.php?rest_route=\/wp\/v2\/pages\/50\/revisions"}],"predecessor-version":[{"id":774,"href":"https:\/\/www.dyapason.com\/index.php?rest_route=\/wp\/v2\/pages\/50\/revisions\/774"}],"wp:attachment":[{"href":"https:\/\/www.dyapason.com\/index.php?rest_route=%2Fwp%2Fv2%2Fmedia&parent=50"}],"curies":[{"name":"wp","href":"https:\/\/api.w.org\/{rel}","templated":true}]}}