{"id":33,"date":"2011-10-01T14:22:48","date_gmt":"2011-10-01T14:22:48","guid":{"rendered":"http:\/\/www.dyapason.com\/?page_id=33"},"modified":"2023-02-06T18:07:18","modified_gmt":"2023-02-06T17:07:18","slug":"presentation","status":"publish","type":"page","link":"https:\/\/www.dyapason.com\/","title":{"rendered":"Pr\u00e9sentation"},"content":{"rendered":"\n<p>La chorale Dyapason est une chorale A Coeur Joie de Joinville-le-Pont<\/p>\n\n\n\n<p>Elle est constitu\u00e9e d&rsquo;une quarantaine de choristes de tous \u00e2ges ayant plaisir \u00e0 chanter ensemble.<\/p>\n\n\n\n<p>Elle se r\u00e9unit depuis 1998 tous les lundis soirs sous la direction d&rsquo; <a href=\"https:\/\/www.dyapason.com\/?page_id=762\" data-type=\"page\" data-id=\"762\">Arnaud LEGER<\/a> et est subventionn\u00e9e par la ville de Joinville-le-pont.<\/p>\n\n\n\n<p>Chanter ensemble procure un r\u00e9el bonheur\u2026alors, si le \u00ab ch\u0153ur \u00bb vous en dit, venez faire connaissance avec Dyapason !<\/p>\n\n\n<div class=\"wp-block-image\">\n<figure class=\"aligncenter\"><img loading=\"lazy\" decoding=\"async\" width=\"229\" height=\"227\" src=\"https:\/\/www.dyapason.com\/wp-content\/uploads\/2011\/10\/logodya200.png\" alt=\"Logo Dyapason\" class=\"wp-image-225\" title=\"Logo Dyapason\" srcset=\"https:\/\/www.dyapason.com\/wp-content\/uploads\/2011\/10\/logodya200.png 229w, https:\/\/www.dyapason.com\/wp-content\/uploads\/2011\/10\/logodya200-150x150.png 150w, https:\/\/www.dyapason.com\/wp-content\/uploads\/2011\/10\/logodya200-148x146.png 148w, https:\/\/www.dyapason.com\/wp-content\/uploads\/2011\/10\/logodya200-31x31.png 31w, https:\/\/www.dyapason.com\/wp-content\/uploads\/2011\/10\/logodya200-38x38.png 38w, https:\/\/www.dyapason.com\/wp-content\/uploads\/2011\/10\/logodya200-216x215.png 216w\" sizes=\"auto, (max-width: 229px) 100vw, 229px\" \/><\/figure>\n<\/div>","protected":false},"excerpt":{"rendered":"<p>La chorale Dyapason est une chorale A Coeur Joie de Joinville-le-Pont Elle est constitu\u00e9e d&rsquo;une quarantaine de choristes de tous \u00e2ges ayant plaisir \u00e0 chanter ensemble. Elle se r\u00e9unit depuis 1998 tous les lundis soirs sous la direction d&rsquo; Arnaud &hellip; <a href=\"https:\/\/www.dyapason.com\/\">Continuer la lecture <span class=\"meta-nav\">&rarr;<\/span><\/a><\/p>\n","protected":false},"author":1,"featured_media":0,"parent":0,"menu_order":0,"comment_status":"closed","ping_status":"closed","template":"","meta":{"footnotes":""},"class_list":["post-33","page","type-page","status-publish","hentry"],"jetpack_sharing_enabled":true,"jetpack_shortlink":"https:\/\/wp.me\/P2428A-x","_links":{"self":[{"href":"https:\/\/www.dyapason.com\/index.php?rest_route=\/wp\/v2\/pages\/33","targetHints":{"allow":["GET"]}}],"collection":[{"href":"https:\/\/www.dyapason.com\/index.php?rest_route=\/wp\/v2\/pages"}],"about":[{"href":"https:\/\/www.dyapason.com\/index.php?rest_route=\/wp\/v2\/types\/page"}],"author":[{"embeddable":true,"href":"https:\/\/www.dyapason.com\/index.php?rest_route=\/wp\/v2\/users\/1"}],"replies":[{"embeddable":true,"href":"https:\/\/www.dyapason.com\/index.php?rest_route=%2Fwp%2Fv2%2Fcomments&post=33"}],"version-history":[{"count":56,"href":"https:\/\/www.dyapason.com\/index.php?rest_route=\/wp\/v2\/pages\/33\/revisions"}],"predecessor-version":[{"id":770,"href":"https:\/\/www.dyapason.com\/index.php?rest_route=\/wp\/v2\/pages\/33\/revisions\/770"}],"wp:attachment":[{"href":"https:\/\/www.dyapason.com\/index.php?rest_route=%2Fwp%2Fv2%2Fmedia&parent=33"}],"curies":[{"name":"wp","href":"https:\/\/api.w.org\/{rel}","templated":true}]}}